{"id":754,"date":"2017-01-11T11:26:39","date_gmt":"2017-01-11T10:26:39","guid":{"rendered":"http:\/\/relaunch.huettenpalast.de\/hotel\/halle-1\/"},"modified":"2021-08-09T10:10:40","modified_gmt":"2021-08-09T08:10:40","slug":"hall-1","status":"publish","type":"page","link":"https:\/\/huettenpalast.de\/en\/hotel\/hall-1\/","title":{"rendered":"Hall 1"},"content":{"rendered":"<p>Drei unterschiedlich gestaltete Oldtimer-Wohnwagen und drei kuschelige Holzh\u00fctten stehen in unserer Fabrikhalle zur \u00dcbernachtung bereit. Fr\u00fchling, Sommer, Herbst und Winter \u2013 wir sind ganzj\u00e4hrig ge\u00f6ffnet und hoffen, dass ihr uns besuchen kommt, um ein bisschen Camping-Idylle mitten in der Gro\u00dfstadt zu genie\u00dfen. Im hinteren Bereich der Halle befinden sich die Toiletten &amp; Duschen. F\u00fcr Damen und Herren zwar getrennt aber sonst auf jeden Fall f\u00fcr die gemeinschaftliche Nutzung.<\/p>\n","protected":false},"excerpt":{"rendered":"<p>Drei unterschiedlich gestaltete Oldtimer-Wohnwagen und drei kuschelige Holzh\u00fctten stehen in unserer Fabrikhalle zur \u00dcbernachtung bereit. Fr\u00fchling, Sommer, Herbst und Winter [&hellip;]<\/p>\n<a href=\"https:\/\/huettenpalast.de\/en\/hotel\/hall-1\/\">more<\/a>","protected":false},"author":3,"featured_media":597,"parent":753,"menu_order":1,"comment_status":"closed","ping_status":"closed","template":"page-hotel-detail.php","meta":{"_acf_changed":false,"footnotes":""},"class_list":["post-754","page","type-page","status-publish","has-post-thumbnail","hentry"],"acf":[],"_links":{"self":[{"href":"https:\/\/huettenpalast.de\/en\/wp-json\/wp\/v2\/pages\/754","targetHints":{"allow":["GET"]}}],"collection":[{"href":"https:\/\/huettenpalast.de\/en\/wp-json\/wp\/v2\/pages"}],"about":[{"href":"https:\/\/huettenpalast.de\/en\/wp-json\/wp\/v2\/types\/page"}],"author":[{"embeddable":true,"href":"https:\/\/huettenpalast.de\/en\/wp-json\/wp\/v2\/users\/3"}],"replies":[{"embeddable":true,"href":"https:\/\/huettenpalast.de\/en\/wp-json\/wp\/v2\/comments?post=754"}],"version-history":[{"count":0,"href":"https:\/\/huettenpalast.de\/en\/wp-json\/wp\/v2\/pages\/754\/revisions"}],"up":[{"embeddable":true,"href":"https:\/\/huettenpalast.de\/en\/wp-json\/wp\/v2\/pages\/753"}],"wp:featuredmedia":[{"embeddable":true,"href":"https:\/\/huettenpalast.de\/en\/wp-json\/wp\/v2\/media\/597"}],"wp:attachment":[{"href":"https:\/\/huettenpalast.de\/en\/wp-json\/wp\/v2\/media?parent=754"}],"curies":[{"name":"wp","href":"https:\/\/api.w.org\/{rel}","templated":true}]}}