{"id":755,"date":"2017-01-11T11:27:19","date_gmt":"2017-01-11T10:27:19","guid":{"rendered":"http:\/\/relaunch.huettenpalast.de\/hotel\/halle-2\/"},"modified":"2021-08-09T10:13:25","modified_gmt":"2021-08-09T08:13:25","slug":"hall-2","status":"publish","type":"page","link":"https:\/\/huettenpalast.de\/en\/hotel\/hall-2\/","title":{"rendered":"Hall 2"},"content":{"rendered":"<p>Wir waren \u00fcberw\u00e4ltigt von der gro\u00dfen Nachfrage unserer G\u00e4ste in einem unserer Wohnwagen zu n\u00e4chtigen. Zwei Jahre nach unserer Er\u00f6ffnung ergab sich die M\u00f6glichkeit unseren H\u00fcttenpalast mit einer zweiten Halle zu erweitern. Wir haben uns sofort auf die Suche nach weiteren Wohnwagen-Modellen begeben. Es ist uns gelungen weitere f\u00fcnf kleine charmante Neuzug\u00e4nge und ein Traumhaus aus Holz aus-und umzubauen. Auch hier ist uns ein kleiner sch\u00f6ner Indoor-Campingplatz gelungen. In unserem \u201eWohnzimmer\u201c kann man sich, wenn es einem im Wohnwagen zu eng wird, gem\u00fctlich machen und andere Camper kennenlernen. Im hinteren Bereich der Halle befinden sich die Toiletten &amp; Duschen. F\u00fcr Damen und Herren zwar getrennt aber sonst auf jeden Fall f\u00fcr die gemeinschaftliche Nutzung.<\/p>\n","protected":false},"excerpt":{"rendered":"<p>Wir waren \u00fcberw\u00e4ltigt von der gro\u00dfen Nachfrage unserer G\u00e4ste in einem unserer Wohnwagen zu n\u00e4chtigen. Zwei Jahre nach unserer Er\u00f6ffnung [&hellip;]<\/p>\n<a href=\"https:\/\/huettenpalast.de\/en\/hotel\/hall-2\/\">more<\/a>","protected":false},"author":3,"featured_media":602,"parent":753,"menu_order":2,"comment_status":"closed","ping_status":"closed","template":"page-hotel-detail.php","meta":{"_acf_changed":false,"footnotes":""},"class_list":["post-755","page","type-page","status-publish","has-post-thumbnail","hentry"],"acf":[],"_links":{"self":[{"href":"https:\/\/huettenpalast.de\/en\/wp-json\/wp\/v2\/pages\/755","targetHints":{"allow":["GET"]}}],"collection":[{"href":"https:\/\/huettenpalast.de\/en\/wp-json\/wp\/v2\/pages"}],"about":[{"href":"https:\/\/huettenpalast.de\/en\/wp-json\/wp\/v2\/types\/page"}],"author":[{"embeddable":true,"href":"https:\/\/huettenpalast.de\/en\/wp-json\/wp\/v2\/users\/3"}],"replies":[{"embeddable":true,"href":"https:\/\/huettenpalast.de\/en\/wp-json\/wp\/v2\/comments?post=755"}],"version-history":[{"count":0,"href":"https:\/\/huettenpalast.de\/en\/wp-json\/wp\/v2\/pages\/755\/revisions"}],"up":[{"embeddable":true,"href":"https:\/\/huettenpalast.de\/en\/wp-json\/wp\/v2\/pages\/753"}],"wp:featuredmedia":[{"embeddable":true,"href":"https:\/\/huettenpalast.de\/en\/wp-json\/wp\/v2\/media\/602"}],"wp:attachment":[{"href":"https:\/\/huettenpalast.de\/en\/wp-json\/wp\/v2\/media?parent=755"}],"curies":[{"name":"wp","href":"https:\/\/api.w.org\/{rel}","templated":true}]}}