{"id":780,"date":"2017-01-28T09:42:02","date_gmt":"2017-01-28T08:42:02","guid":{"rendered":"http:\/\/relaunch.huettenpalast.de\/kontakt\/"},"modified":"2024-01-30T11:55:41","modified_gmt":"2024-01-30T10:55:41","slug":"contact","status":"publish","type":"page","link":"https:\/\/huettenpalast.de\/en\/contact\/","title":{"rendered":"Contact"},"content":{"rendered":"<p>\u2026bedeutet bei uns mehr als nur eine Telefonnummer. Wir freuen uns, dass unser Hotel so klein ist, dass wir jedem Gast pers\u00f6nlich begegnen k\u00f6nnen. Sei\u2019s beim morgendlichen Kaffee im Garten oder auf ein Gl\u00e4schen Wein am Abend\u2026 Macht den H\u00fcttenpalast zu eurem Berliner Wohnzimmer und genie\u00dft die famili\u00e4re Atmosph\u00e4re.<\/p>\n<p><strong>\u00d6ffnungszeiten B\u00fcro<br \/>\n<\/strong>t\u00e4glich 9 bis 18 Uhr<\/p>\n<p>Check-In bis 18 Uhr. Ein sp\u00e4terer Check-In ist nach Absprache m\u00f6glich.<br \/>\n<strong>Wohnwagen- und H\u00fctten-Anreisen bis sp\u00e4testens 22 Uhr!<\/strong><br \/>\nUnsere Rezeption findet ihr im Caf\u00e9. Das rosa-wei\u00df-gestreifte Haus ist nicht zu \u00fcbersehen.<\/p>\n<p><img loading=\"lazy\" decoding=\"async\" class=\"alignnone size-full wp-image-245\" src=\"http:\/\/relaunch.huettenpalast.de\/wp-content\/uploads\/2017\/01\/trenner.png\" alt=\"\" width=\"316\" height=\"52\" \/><\/p>\n<p><strong>H\u00fcttenpalast<\/strong><br \/>\nHobrechtstra\u00dfe 66<br \/>\n12047 Berlin<\/p>\n<p>fon +49-(0)30-37 30 58 06<br \/>\nfax +49-(0)30-37 30 57 98<br \/>\n<em><a href=\"mailto:info@huettenpalast.de\" target=\"_blank\" rel=\"noopener\"> info@huettenpalast.de<\/a><\/em><\/p>\n<p>&nbsp;<\/p>\n<p>&nbsp;<\/p>\n<p>&nbsp;<\/p>\n<p>&nbsp;<\/p>\n","protected":false},"excerpt":{"rendered":"<p>\u2026bedeutet bei uns mehr als nur eine Telefonnummer. Wir freuen uns, dass unser Hotel so klein ist, dass wir jedem [&hellip;]<\/p>\n<a href=\"https:\/\/huettenpalast.de\/en\/contact\/\">more<\/a>","protected":false},"author":3,"featured_media":0,"parent":0,"menu_order":0,"comment_status":"closed","ping_status":"closed","template":"page-kontakt.php","meta":{"_acf_changed":false,"footnotes":""},"class_list":["post-780","page","type-page","status-publish","hentry"],"acf":[],"_links":{"self":[{"href":"https:\/\/huettenpalast.de\/en\/wp-json\/wp\/v2\/pages\/780","targetHints":{"allow":["GET"]}}],"collection":[{"href":"https:\/\/huettenpalast.de\/en\/wp-json\/wp\/v2\/pages"}],"about":[{"href":"https:\/\/huettenpalast.de\/en\/wp-json\/wp\/v2\/types\/page"}],"author":[{"embeddable":true,"href":"https:\/\/huettenpalast.de\/en\/wp-json\/wp\/v2\/users\/3"}],"replies":[{"embeddable":true,"href":"https:\/\/huettenpalast.de\/en\/wp-json\/wp\/v2\/comments?post=780"}],"version-history":[{"count":0,"href":"https:\/\/huettenpalast.de\/en\/wp-json\/wp\/v2\/pages\/780\/revisions"}],"wp:attachment":[{"href":"https:\/\/huettenpalast.de\/en\/wp-json\/wp\/v2\/media?parent=780"}],"curies":[{"name":"wp","href":"https:\/\/api.w.org\/{rel}","templated":true}]}}